{"id":8,"date":"2013-12-13T19:58:07","date_gmt":"2013-12-13T19:58:07","guid":{"rendered":"http:\/\/umea.wikimedia.se\/?page_id=8"},"modified":"2015-02-12T16:06:34","modified_gmt":"2015-02-12T15:06:34","slug":"hem","status":"publish","type":"page","link":"https:\/\/www.umepedia.se\/?page_id=8","title":{"rendered":"Umepedia"},"content":{"rendered":"<p>Umepedia \u00e4r ett projekt f\u00f6r att f\u00f6rb\u00e4ttra Ume\u00e5s digitala n\u00e4rvaro \u2013 och etablera Ume\u00e5 som en QRpediastad. Detta arbete skedde huvudsakligen under 2014, det \u00e5r d\u00e5 Ume\u00e5 var kulturhuvudstad. M\u00e5let \u00e4r att l\u00e5ta turister och befolkning ta del av information om Ume\u00e5s kultur p\u00e5 ett modernt s\u00e4tt, och just p\u00e5 den plats d\u00e4r de allra flesta s\u00f6ker information \u2013 p\u00e5 Wikipedia, Sveriges sj\u00e4tte st\u00f6rsta webbplats.<\/p>\n<p>Under 2013 genomf\u00f6rdes en inventering av Ume\u00e5 kulturliv i vid mening och av vad detta som finns beskrivet p\u00e5 Wikipedia, i f\u00f6rsta hand p\u00e5 svenska. Inventeringen l\u00e5g sedan som grund f\u00f6r arbetet som p\u00e5gick under 2014. Detta arbete bestod i att skriva nya artiklar och att f\u00f6rb\u00e4ttra befintliga artiklar, som utf\u00f6rdes av volont\u00e4rer och samarbetspartners. De svenska artiklarna var sedan \u00f6versatta till cirka 40 spr\u00e5k av volont\u00e4rer fr\u00e5n hela v\u00e4rlden. <\/p>\n<p>F\u00f6r att g\u00f6ra materialet som skapas som en del av Umepedia-projektet mer tillg\u00e4ngligt har projektet b\u00f6rjat placera ut skyltar med QR-koder runt om i Ume\u00e5, i anslutning till de viktigaste platserna. Med hj\u00e4lp av QR-koderna kan bes\u00f6karna l\u00e4tt ta fram relevant information i sin mobiltelefon \u2013 och p\u00e5 sitt eget spr\u00e5k!<\/p>\n<p>Umepedia \u00e4r ett samarbete mellan Wikimedia Sverige, Ume\u00e5 universitet, Ume\u00e5 kommun, Riksantikvarie\u00e4mbetet, Common Culture of Ume\u00e5, R\u00f6d\u00e5sel Bygdeg\u00e5rdsf\u00f6rening och Nykterhetsr\u00f6relsens Bildningsverksamhet Norr (NBV), men s\u00f6ker st\u00e4ndigt fler samarbetspartners som vill hj\u00e4lpa oss att n\u00e5 ut med information om staden.<\/p>\n","protected":false},"excerpt":{"rendered":"<p>Umepedia \u00e4r ett projekt f\u00f6r att f\u00f6rb\u00e4ttra Ume\u00e5s digitala n\u00e4rvaro \u2013 och etablera Ume\u00e5 som en QRpediastad. Detta arbete skedde huvudsakligen under 2014, det \u00e5r d\u00e5 Ume\u00e5 var kulturhuvudstad. M\u00e5let \u00e4r att l\u00e5ta turister och befolkning ta del av information &hellip; <a href=\"https:\/\/www.umepedia.se\/?page_id=8\">Continue reading <span class=\"meta-nav\">&rarr;<\/span><\/a><\/p>\n","protected":false},"author":1,"featured_media":0,"parent":0,"menu_order":0,"comment_status":"closed","ping_status":"closed","template":"","meta":{"footnotes":""},"_links":{"self":[{"href":"https:\/\/www.umepedia.se\/index.php?rest_route=\/wp\/v2\/pages\/8"}],"collection":[{"href":"https:\/\/www.umepedia.se\/index.php?rest_route=\/wp\/v2\/pages"}],"about":[{"href":"https:\/\/www.umepedia.se\/index.php?rest_route=\/wp\/v2\/types\/page"}],"author":[{"embeddable":true,"href":"https:\/\/www.umepedia.se\/index.php?rest_route=\/wp\/v2\/users\/1"}],"replies":[{"embeddable":true,"href":"https:\/\/www.umepedia.se\/index.php?rest_route=%2Fwp%2Fv2%2Fcomments&post=8"}],"version-history":[{"count":0,"href":"https:\/\/www.umepedia.se\/index.php?rest_route=\/wp\/v2\/pages\/8\/revisions"}],"wp:attachment":[{"href":"https:\/\/www.umepedia.se\/index.php?rest_route=%2Fwp%2Fv2%2Fmedia&parent=8"}],"curies":[{"name":"wp","href":"https:\/\/api.w.org\/{rel}","templated":true}]}}