{"id":25,"date":"2013-12-14T00:52:03","date_gmt":"2013-12-14T00:52:03","guid":{"rendered":"http:\/\/umea.wikimedia.se\/?page_id=25"},"modified":"2022-07-08T08:11:00","modified_gmt":"2022-07-08T07:11:00","slug":"kontakt","status":"publish","type":"page","link":"https:\/\/www.umepedia.se\/?page_id=25","title":{"rendered":"Kontakt"},"content":{"rendered":"<div><a href=\"https:\/\/wikimedia.se\"><img decoding=\"async\" loading=\"lazy\" class=\"alignleft\" src=\"https:\/\/www.umepedia.se\/wp-content\/uploads\/2022\/07\/194px-Wikimedia_Sverige_logo_-_vertical.svg_.png\" alt=\"Wikimedia Sverige logga\" width=\"135\" height=\"135\"><\/a>Wikimedia Sverige \u00e4r en ideell f\u00f6rening som arbetar f\u00f6r att g\u00f6ra kunskap fritt tillg\u00e4nglig f\u00f6r alla m\u00e4nniskor. F\u00f6reningen \u00e4r bland annat experter p\u00e5 Wikipedia. F\u00f6reningen hj\u00e4lper l\u00e4rare och bibliotekarier att anv\u00e4nda Wikipedia, arkiv och museer att n\u00e5 ut med sitt material och st\u00f6djer de frivilliga som g\u00f6r Wikipedia b\u00e4ttre att kunna g\u00f6ra det enklare och med h\u00f6gre kvalitet. St\u00f6dj Wikimedia Sveriges arbete genom att <a href=\"http:\/\/wikimedia.se\/sv\/blimedlem\" target=\"_blank\" rel=\"noopener\">bli medlem<\/a> eller med <a href=\"http:\/\/wikimedia.se\/sv\/doneradintid\" target=\"_blank\" rel=\"noopener\">din tid<\/a>. Ditt st\u00f6d betyder v\u00e4ldigt mycket!<\/div>\n<div><\/div>\n<div>F\u00f6r fr\u00e5gor kontakta Wikimedia Sverige:<\/div>\n<div id=\"hcard-John-Andersson\">\n<blockquote>\n<div>John Andersson<\/div>\n<div>Projektledare Umepedia<\/div>\n<div><a href=\"mailto:john.andersson@wikimedia.se\">john.andersson@wikimedia.se<\/a><\/div>\n<div>+46(0)733965189<\/div>\n<\/blockquote>\n<\/div>\n","protected":false},"excerpt":{"rendered":"<p>Wikimedia Sverige \u00e4r en ideell f\u00f6rening som arbetar f\u00f6r att g\u00f6ra kunskap fritt tillg\u00e4nglig f\u00f6r alla m\u00e4nniskor. F\u00f6reningen \u00e4r bland annat experter p\u00e5 Wikipedia. F\u00f6reningen hj\u00e4lper l\u00e4rare och bibliotekarier att anv\u00e4nda Wikipedia, arkiv och museer att n\u00e5 ut med sitt &hellip; <a href=\"https:\/\/www.umepedia.se\/?page_id=25\">Continue reading <span class=\"meta-nav\">&rarr;<\/span><\/a><\/p>\n","protected":false},"author":1,"featured_media":0,"parent":0,"menu_order":0,"comment_status":"closed","ping_status":"closed","template":"","meta":{"footnotes":""},"_links":{"self":[{"href":"https:\/\/www.umepedia.se\/index.php?rest_route=\/wp\/v2\/pages\/25"}],"collection":[{"href":"https:\/\/www.umepedia.se\/index.php?rest_route=\/wp\/v2\/pages"}],"about":[{"href":"https:\/\/www.umepedia.se\/index.php?rest_route=\/wp\/v2\/types\/page"}],"author":[{"embeddable":true,"href":"https:\/\/www.umepedia.se\/index.php?rest_route=\/wp\/v2\/users\/1"}],"replies":[{"embeddable":true,"href":"https:\/\/www.umepedia.se\/index.php?rest_route=%2Fwp%2Fv2%2Fcomments&post=25"}],"version-history":[{"count":0,"href":"https:\/\/www.umepedia.se\/index.php?rest_route=\/wp\/v2\/pages\/25\/revisions"}],"wp:attachment":[{"href":"https:\/\/www.umepedia.se\/index.php?rest_route=%2Fwp%2Fv2%2Fmedia&parent=25"}],"curies":[{"name":"wp","href":"https:\/\/api.w.org\/{rel}","templated":true}]}}