{"id":232,"date":"2013-12-23T08:54:37","date_gmt":"2013-12-23T07:54:37","guid":{"rendered":"http:\/\/umea.wikimedia.se\/?page_id=232"},"modified":"2015-02-12T15:53:20","modified_gmt":"2015-02-12T14:53:20","slug":"home","status":"publish","type":"page","link":"https:\/\/www.umepedia.se\/?page_id=232","title":{"rendered":"The Umepedia"},"content":{"rendered":"<p>Umepedia is aimed at improving Ume\u00e5\u2019s digital presence \u2013 and establish Ume\u00e5 as a Wikipedia town. The work mainly took place during 2014 when Ume\u00e5 was the European Capital of Culture. The idea is to provide an easy way for visitors and citizens to access information about the culture in Ume\u00e5 in a modern way, where the vast majority already is looking for information \u2013 on Wikipedia, the sixth most used website in Sweden.<\/p>\n<p>In 2013, the project group made an inventory of how Ume\u00e5\u2019s culture (in a broad sense) was described on Wikipedia, primarily in Swedish. This inventory was the basis for the work that took place in 2014. During the year new articles was producded and old ones improved thanks to dedicated volunteers and our many partnering organizations. The Swedish articles were then translated into around 40 languages by volunteers from all over the world. Of course this work has not ended because Ume\u00e5 is no longer the European Capital of Culture but volunteers will continously improve the material on Wikipedia and many of the cooperations with organizations continue to bear fruit. <\/p>\n<p>In order to make Wikipedia\u2019s material more available the project aims to install information signs with so called QR codes on them. These signs will be placed around Ume\u00e5, adjacent to the main sites that are described in the Wikipedia articles. With the help of QR codes visitors can easily find relevant information on their smart phone \u2013 and in their own language!<\/p>\n<p>Umepedia is currently a collaboration between Wikimedia Sverige, Ume\u00e5 University, Ume\u00e5 Municipality, National Heritage Board, Common Culture of Ume\u00e5, R\u00f6d\u00e5sel Bygdeg\u00e5rdsf\u00f6rening, Ume\u00e5 Energi and Nykterhetsr\u00f6relsens Bildningsverksamhet Norr (NBV). We hope that more partners that are interested in spreading neutral, well sourced information about the city will join us!<\/p>\n","protected":false},"excerpt":{"rendered":"<p>Umepedia is aimed at improving Ume\u00e5\u2019s digital presence \u2013 and establish Ume\u00e5 as a Wikipedia town. The work mainly took place during 2014 when Ume\u00e5 was the European Capital of Culture. The idea is to provide an easy way for &hellip; <a href=\"https:\/\/www.umepedia.se\/?page_id=232\">Continue reading <span class=\"meta-nav\">&rarr;<\/span><\/a><\/p>\n","protected":false},"author":1,"featured_media":0,"parent":0,"menu_order":0,"comment_status":"closed","ping_status":"closed","template":"","meta":{"footnotes":""},"_links":{"self":[{"href":"https:\/\/www.umepedia.se\/index.php?rest_route=\/wp\/v2\/pages\/232"}],"collection":[{"href":"https:\/\/www.umepedia.se\/index.php?rest_route=\/wp\/v2\/pages"}],"about":[{"href":"https:\/\/www.umepedia.se\/index.php?rest_route=\/wp\/v2\/types\/page"}],"author":[{"embeddable":true,"href":"https:\/\/www.umepedia.se\/index.php?rest_route=\/wp\/v2\/users\/1"}],"replies":[{"embeddable":true,"href":"https:\/\/www.umepedia.se\/index.php?rest_route=%2Fwp%2Fv2%2Fcomments&post=232"}],"version-history":[{"count":0,"href":"https:\/\/www.umepedia.se\/index.php?rest_route=\/wp\/v2\/pages\/232\/revisions"}],"wp:attachment":[{"href":"https:\/\/www.umepedia.se\/index.php?rest_route=%2Fwp%2Fv2%2Fmedia&parent=232"}],"curies":[{"name":"wp","href":"https:\/\/api.w.org\/{rel}","templated":true}]}}