{"id":23,"date":"2013-12-14T00:51:06","date_gmt":"2013-12-14T00:51:06","guid":{"rendered":"http:\/\/umea.wikimedia.se\/?page_id=23"},"modified":"2014-09-30T14:03:15","modified_gmt":"2014-09-30T13:03:15","slug":"skyltar-med-qr-koder","status":"publish","type":"page","link":"https:\/\/www.umepedia.se\/?page_id=23","title":{"rendered":"Skyltar med QR-koder"},"content":{"rendered":"<p>En QR-kod \u00e4r en ruta med vanligtvis svarta och vita f\u00e4lt som fungerar som streckkod. Moderna mobiltelefoner, s.k. <i>smartphones<\/i> kan med hj\u00e4lp av telefonens kamera och en QR-<i>app<\/i> skanna koden i bilden. Ifall koden leder till websida, som i Umepedias fall \u00e4r en Wikipedia-artikel, s\u00e5 kan man enkel v\u00e4lja att telefonen ska h\u00e4mta och visa sidan. Om inte telefonen redan har en QR-app s\u00e5 finns det gratis-versioner att h\u00e4mta till telefonen via Market (Android), App Store (iPhone) eller Marketplace (Windows Phone). Ett tips \u00e4r att s\u00f6ka p\u00e5 &#8220;QR Reader&#8221;.<\/p>\n<p>P\u00e5 den h\u00e4r kartan kan du se var skyltarna kommer att vara:<\/p>\n<p><script type=\"text\/javascript\" src=\"http:\/\/cdn.leafletjs.com\/leaflet-0.6.4\/leaflet.js\"><\/script><\/p>\n<div id=\"map\"><\/div>\n<p><script type=\"text\/javascript\" src=\"\/wp-content\/themes\/umepedia\/js\/karta_common.js\"><\/script><br \/>\n<script type=\"text\/javascript\" src=\"\/wp-content\/themes\/umepedia\/js\/karta_sv.js\"><\/script><\/p>\n","protected":false},"excerpt":{"rendered":"<p>En QR-kod \u00e4r en ruta med vanligtvis svarta och vita f\u00e4lt som fungerar som streckkod. Moderna mobiltelefoner, s.k. smartphones kan med hj\u00e4lp av telefonens kamera och en QR-app skanna koden i bilden. Ifall koden leder till websida, som i Umepedias &hellip; <a href=\"https:\/\/www.umepedia.se\/?page_id=23\">Continue reading <span class=\"meta-nav\">&rarr;<\/span><\/a><\/p>\n","protected":false},"author":1,"featured_media":0,"parent":0,"menu_order":0,"comment_status":"closed","ping_status":"closed","template":"","meta":{"footnotes":""},"_links":{"self":[{"href":"https:\/\/www.umepedia.se\/index.php?rest_route=\/wp\/v2\/pages\/23"}],"collection":[{"href":"https:\/\/www.umepedia.se\/index.php?rest_route=\/wp\/v2\/pages"}],"about":[{"href":"https:\/\/www.umepedia.se\/index.php?rest_route=\/wp\/v2\/types\/page"}],"author":[{"embeddable":true,"href":"https:\/\/www.umepedia.se\/index.php?rest_route=\/wp\/v2\/users\/1"}],"replies":[{"embeddable":true,"href":"https:\/\/www.umepedia.se\/index.php?rest_route=%2Fwp%2Fv2%2Fcomments&post=23"}],"version-history":[{"count":0,"href":"https:\/\/www.umepedia.se\/index.php?rest_route=\/wp\/v2\/pages\/23\/revisions"}],"wp:attachment":[{"href":"https:\/\/www.umepedia.se\/index.php?rest_route=%2Fwp%2Fv2%2Fmedia&parent=23"}],"curies":[{"name":"wp","href":"https:\/\/api.w.org\/{rel}","templated":true}]}}